{"id":10332,"date":"2015-04-22T13:08:50","date_gmt":"2015-04-22T13:08:50","guid":{"rendered":"http:\/\/www.meresuu.ee\/spa-paketid-ida-virumaal\/"},"modified":"2023-06-19T06:14:11","modified_gmt":"2023-06-19T06:14:11","slug":"kylpylapaketti","status":"publish","type":"page","link":"https:\/\/www.meresuu.ee\/fi\/kylpylapaketti\/","title":{"rendered":"Kylpyl\u00e4paketit"},"content":{"rendered":"","protected":false},"excerpt":{"rendered":"","protected":false},"author":50,"featured_media":16205,"parent":0,"menu_order":322,"comment_status":"open","ping_status":"closed","template":"","meta":{"_acf_changed":false,"footnotes":""},"class_list":["post-10332","page","type-page","status-publish","has-post-thumbnail","hentry"],"acf":[],"yoast_head":"<!-- This site is optimized with the Yoast SEO plugin v25.0 - https:\/\/yoast.com\/wordpress\/plugins\/seo\/ -->\n<title>Kylpyl\u00e4paketti | Spa paketit |\u00a0Meresuu SPA &amp; Hotel | Viron kylpyl\u00e4t<\/title>\n<meta name=\"description\" content=\"Kylpyl\u00e4paketti Meresuun SPA hotellissa - kylpyl\u00e4paketit majoituksen kanssa, day spa-paketit, konferenssi paketit. Hinta alkaen 59 \u20ac!\" \/>\n<meta name=\"robots\" content=\"index, follow, max-snippet:-1, max-image-preview:large, max-video-preview:-1\" \/>\n<link rel=\"canonical\" href=\"https:\/\/www.meresuu.ee\/fi\/kylpylapaketti\/\" \/>\n<meta property=\"og:locale\" content=\"fi_FI\" \/>\n<meta property=\"og:type\" content=\"article\" \/>\n<meta property=\"og:title\" content=\"Kylpyl\u00e4paketti | Spa paketit |\u00a0Meresuu SPA &amp; Hotel | Viron kylpyl\u00e4t\" \/>\n<meta property=\"og:description\" content=\"Kylpyl\u00e4paketti Meresuun SPA hotellissa - kylpyl\u00e4paketit majoituksen kanssa, day spa-paketit, konferenssi paketit. Hinta alkaen 59 \u20ac!\" \/>\n<meta property=\"og:url\" content=\"https:\/\/www.meresuu.ee\/fi\/kylpylapaketti\/\" \/>\n<meta property=\"og:site_name\" content=\"Meresuu SPA &amp; Hotel, Estonia\" \/>\n<meta property=\"article:modified_time\" content=\"2023-06-19T06:14:11+00:00\" \/>\n<meta property=\"og:image\" content=\"https:\/\/www.meresuu.ee\/wp-content\/uploads\/2015\/05\/Meresuu-SPA-Hotel-Ilu-pevaspaa.jpg\" \/>\n\t<meta property=\"og:image:width\" content=\"1400\" \/>\n\t<meta property=\"og:image:height\" content=\"900\" \/>\n\t<meta property=\"og:image:type\" content=\"image\/jpeg\" \/>\n<meta name=\"twitter:card\" content=\"summary_large_image\" \/>\n<script type=\"application\/ld+json\" class=\"yoast-schema-graph\">{\"@context\":\"https:\/\/schema.org\",\"@graph\":[{\"@type\":\"WebPage\",\"@id\":\"https:\/\/www.meresuu.ee\/fi\/kylpylapaketti\/\",\"url\":\"https:\/\/www.meresuu.ee\/fi\/kylpylapaketti\/\",\"name\":\"Kylpyl\u00e4paketti | Spa paketit |\u00a0Meresuu SPA & Hotel | Viron kylpyl\u00e4t\",\"isPartOf\":{\"@id\":\"https:\/\/www.meresuu.ee\/#website\"},\"primaryImageOfPage\":{\"@id\":\"https:\/\/www.meresuu.ee\/fi\/kylpylapaketti\/#primaryimage\"},\"image\":{\"@id\":\"https:\/\/www.meresuu.ee\/fi\/kylpylapaketti\/#primaryimage\"},\"thumbnailUrl\":\"https:\/\/www.meresuu.ee\/wp-content\/uploads\/2015\/05\/Meresuu-SPA-Hotel-Ilu-pevaspaa.jpg\",\"datePublished\":\"2015-04-22T13:08:50+00:00\",\"dateModified\":\"2023-06-19T06:14:11+00:00\",\"description\":\"Kylpyl\u00e4paketti Meresuun SPA hotellissa - kylpyl\u00e4paketit majoituksen kanssa, day spa-paketit, konferenssi paketit. Hinta alkaen 59 \u20ac!\",\"breadcrumb\":{\"@id\":\"https:\/\/www.meresuu.ee\/fi\/kylpylapaketti\/#breadcrumb\"},\"inLanguage\":\"fi\",\"potentialAction\":[{\"@type\":\"ReadAction\",\"target\":[\"https:\/\/www.meresuu.ee\/fi\/kylpylapaketti\/\"]}]},{\"@type\":\"ImageObject\",\"inLanguage\":\"fi\",\"@id\":\"https:\/\/www.meresuu.ee\/fi\/kylpylapaketti\/#primaryimage\",\"url\":\"https:\/\/www.meresuu.ee\/wp-content\/uploads\/2015\/05\/Meresuu-SPA-Hotel-Ilu-pevaspaa.jpg\",\"contentUrl\":\"https:\/\/www.meresuu.ee\/wp-content\/uploads\/2015\/05\/Meresuu-SPA-Hotel-Ilu-pevaspaa.jpg\",\"width\":1400,\"height\":900},{\"@type\":\"BreadcrumbList\",\"@id\":\"https:\/\/www.meresuu.ee\/fi\/kylpylapaketti\/#breadcrumb\",\"itemListElement\":[{\"@type\":\"ListItem\",\"position\":1,\"name\":\"Home\",\"item\":\"https:\/\/www.meresuu.ee\/fi\/\"},{\"@type\":\"ListItem\",\"position\":2,\"name\":\"Kylpyl\u00e4paketit\"}]},{\"@type\":\"WebSite\",\"@id\":\"https:\/\/www.meresuu.ee\/#website\",\"url\":\"https:\/\/www.meresuu.ee\/\",\"name\":\"Meresuu SPA &amp; Hotel, Estonia\",\"description\":\"Kylpyl\u00e4hotelli Narva-J\u00f5esuussa\",\"potentialAction\":[{\"@type\":\"SearchAction\",\"target\":{\"@type\":\"EntryPoint\",\"urlTemplate\":\"https:\/\/www.meresuu.ee\/?s={search_term_string}\"},\"query-input\":{\"@type\":\"PropertyValueSpecification\",\"valueRequired\":true,\"valueName\":\"search_term_string\"}}],\"inLanguage\":\"fi\"}]}<\/script>\n<!-- \/ Yoast SEO plugin. -->","yoast_head_json":{"title":"Kylpyl\u00e4paketti | Spa paketit |\u00a0Meresuu SPA & Hotel | Viron kylpyl\u00e4t","description":"Kylpyl\u00e4paketti Meresuun SPA hotellissa - kylpyl\u00e4paketit majoituksen kanssa, day spa-paketit, konferenssi paketit. Hinta alkaen 59 \u20ac!","robots":{"index":"index","follow":"follow","max-snippet":"max-snippet:-1","max-image-preview":"max-image-preview:large","max-video-preview":"max-video-preview:-1"},"canonical":"https:\/\/www.meresuu.ee\/fi\/kylpylapaketti\/","og_locale":"fi_FI","og_type":"article","og_title":"Kylpyl\u00e4paketti | Spa paketit |\u00a0Meresuu SPA & Hotel | Viron kylpyl\u00e4t","og_description":"Kylpyl\u00e4paketti Meresuun SPA hotellissa - kylpyl\u00e4paketit majoituksen kanssa, day spa-paketit, konferenssi paketit. Hinta alkaen 59 \u20ac!","og_url":"https:\/\/www.meresuu.ee\/fi\/kylpylapaketti\/","og_site_name":"Meresuu SPA &amp; Hotel, Estonia","article_modified_time":"2023-06-19T06:14:11+00:00","og_image":[{"width":1400,"height":900,"url":"https:\/\/www.meresuu.ee\/wp-content\/uploads\/2015\/05\/Meresuu-SPA-Hotel-Ilu-pevaspaa.jpg","type":"image\/jpeg"}],"twitter_card":"summary_large_image","schema":{"@context":"https:\/\/schema.org","@graph":[{"@type":"WebPage","@id":"https:\/\/www.meresuu.ee\/fi\/kylpylapaketti\/","url":"https:\/\/www.meresuu.ee\/fi\/kylpylapaketti\/","name":"Kylpyl\u00e4paketti | Spa paketit |\u00a0Meresuu SPA & Hotel | Viron kylpyl\u00e4t","isPartOf":{"@id":"https:\/\/www.meresuu.ee\/#website"},"primaryImageOfPage":{"@id":"https:\/\/www.meresuu.ee\/fi\/kylpylapaketti\/#primaryimage"},"image":{"@id":"https:\/\/www.meresuu.ee\/fi\/kylpylapaketti\/#primaryimage"},"thumbnailUrl":"https:\/\/www.meresuu.ee\/wp-content\/uploads\/2015\/05\/Meresuu-SPA-Hotel-Ilu-pevaspaa.jpg","datePublished":"2015-04-22T13:08:50+00:00","dateModified":"2023-06-19T06:14:11+00:00","description":"Kylpyl\u00e4paketti Meresuun SPA hotellissa - kylpyl\u00e4paketit majoituksen kanssa, day spa-paketit, konferenssi paketit. Hinta alkaen 59 \u20ac!","breadcrumb":{"@id":"https:\/\/www.meresuu.ee\/fi\/kylpylapaketti\/#breadcrumb"},"inLanguage":"fi","potentialAction":[{"@type":"ReadAction","target":["https:\/\/www.meresuu.ee\/fi\/kylpylapaketti\/"]}]},{"@type":"ImageObject","inLanguage":"fi","@id":"https:\/\/www.meresuu.ee\/fi\/kylpylapaketti\/#primaryimage","url":"https:\/\/www.meresuu.ee\/wp-content\/uploads\/2015\/05\/Meresuu-SPA-Hotel-Ilu-pevaspaa.jpg","contentUrl":"https:\/\/www.meresuu.ee\/wp-content\/uploads\/2015\/05\/Meresuu-SPA-Hotel-Ilu-pevaspaa.jpg","width":1400,"height":900},{"@type":"BreadcrumbList","@id":"https:\/\/www.meresuu.ee\/fi\/kylpylapaketti\/#breadcrumb","itemListElement":[{"@type":"ListItem","position":1,"name":"Home","item":"https:\/\/www.meresuu.ee\/fi\/"},{"@type":"ListItem","position":2,"name":"Kylpyl\u00e4paketit"}]},{"@type":"WebSite","@id":"https:\/\/www.meresuu.ee\/#website","url":"https:\/\/www.meresuu.ee\/","name":"Meresuu SPA &amp; Hotel, Estonia","description":"Kylpyl\u00e4hotelli Narva-J\u00f5esuussa","potentialAction":[{"@type":"SearchAction","target":{"@type":"EntryPoint","urlTemplate":"https:\/\/www.meresuu.ee\/?s={search_term_string}"},"query-input":{"@type":"PropertyValueSpecification","valueRequired":true,"valueName":"search_term_string"}}],"inLanguage":"fi"}]}},"_links":{"self":[{"href":"https:\/\/www.meresuu.ee\/fi\/wp-json\/wp\/v2\/pages\/10332","targetHints":{"allow":["GET"]}}],"collection":[{"href":"https:\/\/www.meresuu.ee\/fi\/wp-json\/wp\/v2\/pages"}],"about":[{"href":"https:\/\/www.meresuu.ee\/fi\/wp-json\/wp\/v2\/types\/page"}],"author":[{"embeddable":true,"href":"https:\/\/www.meresuu.ee\/fi\/wp-json\/wp\/v2\/users\/50"}],"replies":[{"embeddable":true,"href":"https:\/\/www.meresuu.ee\/fi\/wp-json\/wp\/v2\/comments?post=10332"}],"version-history":[{"count":8,"href":"https:\/\/www.meresuu.ee\/fi\/wp-json\/wp\/v2\/pages\/10332\/revisions"}],"predecessor-version":[{"id":22699,"href":"https:\/\/www.meresuu.ee\/fi\/wp-json\/wp\/v2\/pages\/10332\/revisions\/22699"}],"wp:featuredmedia":[{"embeddable":true,"href":"https:\/\/www.meresuu.ee\/fi\/wp-json\/wp\/v2\/media\/16205"}],"wp:attachment":[{"href":"https:\/\/www.meresuu.ee\/fi\/wp-json\/wp\/v2\/media?parent=10332"}],"curies":[{"name":"wp","href":"https:\/\/api.w.org\/{rel}","templated":true}]}}