{"id":10479,"date":"2015-05-07T10:16:00","date_gmt":"2015-05-07T10:16:00","guid":{"rendered":"http:\/\/www.meresuu.ee\/saunakeskus\/saunakeskuse-hea-tava\/"},"modified":"2017-11-03T10:24:26","modified_gmt":"2017-11-03T10:24:26","slug":"saunaosaston-hyvat-kaytannontavat","status":"publish","type":"page","link":"https:\/\/www.meresuu.ee\/fi\/saunaosasto\/saunaosaston-hyvat-kaytannontavat\/","title":{"rendered":"Saunaosaston hyv\u00e4t k\u00e4yt\u00e4nn\u00f6ntavat"},"content":{"rendered":"","protected":false},"excerpt":{"rendered":"","protected":false},"author":3,"featured_media":0,"parent":10466,"menu_order":287,"comment_status":"closed","ping_status":"closed","template":"","meta":{"_acf_changed":false,"footnotes":""},"class_list":["post-10479","page","type-page","status-publish","hentry"],"acf":[],"yoast_head":"<!-- This site is optimized with the Yoast SEO plugin v25.0 - https:\/\/yoast.com\/wordpress\/plugins\/seo\/ -->\n<title>Saunaosaston hyv\u00e4t k\u00e4yt\u00e4nn\u00f6ntavat | Meresuu SPA &amp; Hotel, Estonia<\/title>\n<meta name=\"robots\" content=\"index, follow, max-snippet:-1, max-image-preview:large, max-video-preview:-1\" \/>\n<link rel=\"canonical\" href=\"https:\/\/www.meresuu.ee\/fi\/saunaosasto\/saunaosaston-hyvat-kaytannontavat\/\" \/>\n<meta property=\"og:locale\" content=\"fi_FI\" \/>\n<meta property=\"og:type\" content=\"article\" \/>\n<meta property=\"og:title\" content=\"Saunaosaston hyv\u00e4t k\u00e4yt\u00e4nn\u00f6ntavat | Meresuu SPA &amp; Hotel, Estonia\" \/>\n<meta property=\"og:url\" content=\"https:\/\/www.meresuu.ee\/fi\/saunaosasto\/saunaosaston-hyvat-kaytannontavat\/\" \/>\n<meta property=\"og:site_name\" content=\"Meresuu SPA &amp; Hotel, Estonia\" \/>\n<meta property=\"article:modified_time\" content=\"2017-11-03T10:24:26+00:00\" \/>\n<meta name=\"twitter:card\" content=\"summary_large_image\" \/>\n<script type=\"application\/ld+json\" class=\"yoast-schema-graph\">{\"@context\":\"https:\/\/schema.org\",\"@graph\":[{\"@type\":\"WebPage\",\"@id\":\"https:\/\/www.meresuu.ee\/fi\/saunaosasto\/saunaosaston-hyvat-kaytannontavat\/\",\"url\":\"https:\/\/www.meresuu.ee\/fi\/saunaosasto\/saunaosaston-hyvat-kaytannontavat\/\",\"name\":\"Saunaosaston hyv\u00e4t k\u00e4yt\u00e4nn\u00f6ntavat | Meresuu SPA &amp; Hotel, Estonia\",\"isPartOf\":{\"@id\":\"https:\/\/www.meresuu.ee\/#website\"},\"datePublished\":\"2015-05-07T10:16:00+00:00\",\"dateModified\":\"2017-11-03T10:24:26+00:00\",\"breadcrumb\":{\"@id\":\"https:\/\/www.meresuu.ee\/fi\/saunaosasto\/saunaosaston-hyvat-kaytannontavat\/#breadcrumb\"},\"inLanguage\":\"fi\",\"potentialAction\":[{\"@type\":\"ReadAction\",\"target\":[\"https:\/\/www.meresuu.ee\/fi\/saunaosasto\/saunaosaston-hyvat-kaytannontavat\/\"]}]},{\"@type\":\"BreadcrumbList\",\"@id\":\"https:\/\/www.meresuu.ee\/fi\/saunaosasto\/saunaosaston-hyvat-kaytannontavat\/#breadcrumb\",\"itemListElement\":[{\"@type\":\"ListItem\",\"position\":1,\"name\":\"Home\",\"item\":\"https:\/\/www.meresuu.ee\/fi\/\"},{\"@type\":\"ListItem\",\"position\":2,\"name\":\"Kylpyl\u00e4n sauna- ja allasosasto\",\"item\":\"https:\/\/www.meresuu.ee\/fi\/saunaosasto\/\"},{\"@type\":\"ListItem\",\"position\":3,\"name\":\"Saunaosaston hyv\u00e4t k\u00e4yt\u00e4nn\u00f6ntavat\"}]},{\"@type\":\"WebSite\",\"@id\":\"https:\/\/www.meresuu.ee\/#website\",\"url\":\"https:\/\/www.meresuu.ee\/\",\"name\":\"Meresuu SPA &amp; Hotel, Estonia\",\"description\":\"Kylpyl\u00e4hotelli Narva-J\u00f5esuussa\",\"potentialAction\":[{\"@type\":\"SearchAction\",\"target\":{\"@type\":\"EntryPoint\",\"urlTemplate\":\"https:\/\/www.meresuu.ee\/?s={search_term_string}\"},\"query-input\":{\"@type\":\"PropertyValueSpecification\",\"valueRequired\":true,\"valueName\":\"search_term_string\"}}],\"inLanguage\":\"fi\"}]}<\/script>\n<!-- \/ Yoast SEO plugin. -->","yoast_head_json":{"title":"Saunaosaston hyv\u00e4t k\u00e4yt\u00e4nn\u00f6ntavat | Meresuu SPA &amp; Hotel, Estonia","robots":{"index":"index","follow":"follow","max-snippet":"max-snippet:-1","max-image-preview":"max-image-preview:large","max-video-preview":"max-video-preview:-1"},"canonical":"https:\/\/www.meresuu.ee\/fi\/saunaosasto\/saunaosaston-hyvat-kaytannontavat\/","og_locale":"fi_FI","og_type":"article","og_title":"Saunaosaston hyv\u00e4t k\u00e4yt\u00e4nn\u00f6ntavat | Meresuu SPA &amp; Hotel, Estonia","og_url":"https:\/\/www.meresuu.ee\/fi\/saunaosasto\/saunaosaston-hyvat-kaytannontavat\/","og_site_name":"Meresuu SPA &amp; Hotel, Estonia","article_modified_time":"2017-11-03T10:24:26+00:00","twitter_card":"summary_large_image","schema":{"@context":"https:\/\/schema.org","@graph":[{"@type":"WebPage","@id":"https:\/\/www.meresuu.ee\/fi\/saunaosasto\/saunaosaston-hyvat-kaytannontavat\/","url":"https:\/\/www.meresuu.ee\/fi\/saunaosasto\/saunaosaston-hyvat-kaytannontavat\/","name":"Saunaosaston hyv\u00e4t k\u00e4yt\u00e4nn\u00f6ntavat | Meresuu SPA &amp; Hotel, Estonia","isPartOf":{"@id":"https:\/\/www.meresuu.ee\/#website"},"datePublished":"2015-05-07T10:16:00+00:00","dateModified":"2017-11-03T10:24:26+00:00","breadcrumb":{"@id":"https:\/\/www.meresuu.ee\/fi\/saunaosasto\/saunaosaston-hyvat-kaytannontavat\/#breadcrumb"},"inLanguage":"fi","potentialAction":[{"@type":"ReadAction","target":["https:\/\/www.meresuu.ee\/fi\/saunaosasto\/saunaosaston-hyvat-kaytannontavat\/"]}]},{"@type":"BreadcrumbList","@id":"https:\/\/www.meresuu.ee\/fi\/saunaosasto\/saunaosaston-hyvat-kaytannontavat\/#breadcrumb","itemListElement":[{"@type":"ListItem","position":1,"name":"Home","item":"https:\/\/www.meresuu.ee\/fi\/"},{"@type":"ListItem","position":2,"name":"Kylpyl\u00e4n sauna- ja allasosasto","item":"https:\/\/www.meresuu.ee\/fi\/saunaosasto\/"},{"@type":"ListItem","position":3,"name":"Saunaosaston hyv\u00e4t k\u00e4yt\u00e4nn\u00f6ntavat"}]},{"@type":"WebSite","@id":"https:\/\/www.meresuu.ee\/#website","url":"https:\/\/www.meresuu.ee\/","name":"Meresuu SPA &amp; Hotel, Estonia","description":"Kylpyl\u00e4hotelli Narva-J\u00f5esuussa","potentialAction":[{"@type":"SearchAction","target":{"@type":"EntryPoint","urlTemplate":"https:\/\/www.meresuu.ee\/?s={search_term_string}"},"query-input":{"@type":"PropertyValueSpecification","valueRequired":true,"valueName":"search_term_string"}}],"inLanguage":"fi"}]}},"_links":{"self":[{"href":"https:\/\/www.meresuu.ee\/fi\/wp-json\/wp\/v2\/pages\/10479","targetHints":{"allow":["GET"]}}],"collection":[{"href":"https:\/\/www.meresuu.ee\/fi\/wp-json\/wp\/v2\/pages"}],"about":[{"href":"https:\/\/www.meresuu.ee\/fi\/wp-json\/wp\/v2\/types\/page"}],"author":[{"embeddable":true,"href":"https:\/\/www.meresuu.ee\/fi\/wp-json\/wp\/v2\/users\/3"}],"replies":[{"embeddable":true,"href":"https:\/\/www.meresuu.ee\/fi\/wp-json\/wp\/v2\/comments?post=10479"}],"version-history":[{"count":4,"href":"https:\/\/www.meresuu.ee\/fi\/wp-json\/wp\/v2\/pages\/10479\/revisions"}],"predecessor-version":[{"id":11373,"href":"https:\/\/www.meresuu.ee\/fi\/wp-json\/wp\/v2\/pages\/10479\/revisions\/11373"}],"up":[{"embeddable":true,"href":"https:\/\/www.meresuu.ee\/fi\/wp-json\/wp\/v2\/pages\/10466"}],"wp:attachment":[{"href":"https:\/\/www.meresuu.ee\/fi\/wp-json\/wp\/v2\/media?parent=10479"}],"curies":[{"name":"wp","href":"https:\/\/api.w.org\/{rel}","templated":true}]}}