{"id":10487,"date":"2015-05-13T16:06:27","date_gmt":"2015-05-13T16:06:27","guid":{"rendered":"http:\/\/www.meresuu.ee\/konverentsid-ja-seminarid-ida-virumaal\/"},"modified":"2025-01-14T12:41:25","modified_gmt":"2025-01-14T12:41:25","slug":"kokoustilat","status":"publish","type":"page","link":"https:\/\/www.meresuu.ee\/fi\/kokoustilat\/","title":{"rendered":"Konferenssit ja seminaarit"},"content":{"rendered":"","protected":false},"excerpt":{"rendered":"","protected":false},"author":50,"featured_media":17627,"parent":0,"menu_order":355,"comment_status":"open","ping_status":"open","template":"","meta":{"_acf_changed":false,"footnotes":""},"class_list":["post-10487","page","type-page","status-publish","has-post-thumbnail","hentry"],"acf":[],"yoast_head":"<!-- This site is optimized with the Yoast SEO plugin v25.0 - https:\/\/yoast.com\/wordpress\/plugins\/seo\/ -->\n<title>Kokoustilat | Meresuu SPA &amp; Hotel |\u00a0Konferenssit ja seminaarit Virossa<\/title>\n<meta name=\"description\" content=\"Kokoustilat Meresuun SPA hotellissa - 4 erikokoista salia p\u00e4iv\u00e4nvalolla. Suurimpaan saliin mahtuu 110 vierasta. L\u00e4het\u00e4 tiedustelu..\" \/>\n<meta name=\"robots\" content=\"index, follow, max-snippet:-1, max-image-preview:large, max-video-preview:-1\" \/>\n<link rel=\"canonical\" href=\"https:\/\/www.meresuu.ee\/fi\/kokoustilat\/\" \/>\n<meta property=\"og:locale\" content=\"fi_FI\" \/>\n<meta property=\"og:type\" content=\"article\" \/>\n<meta property=\"og:title\" content=\"Kokoustilat | Meresuu SPA &amp; Hotel |\u00a0Konferenssit ja seminaarit Virossa\" \/>\n<meta property=\"og:description\" content=\"Kokoustilat Meresuun SPA hotellissa - 4 erikokoista salia p\u00e4iv\u00e4nvalolla. Suurimpaan saliin mahtuu 110 vierasta. L\u00e4het\u00e4 tiedustelu..\" \/>\n<meta property=\"og:url\" content=\"https:\/\/www.meresuu.ee\/fi\/kokoustilat\/\" \/>\n<meta property=\"og:site_name\" content=\"Meresuu SPA &amp; Hotel, Estonia\" \/>\n<meta property=\"article:modified_time\" content=\"2025-01-14T12:41:25+00:00\" \/>\n<meta property=\"og:image\" content=\"https:\/\/www.meresuu.ee\/wp-content\/uploads\/2019\/05\/Meresuu-SPA-Hotell-Konverentsikeskus_06.jpg\" \/>\n\t<meta property=\"og:image:width\" content=\"1920\" \/>\n\t<meta property=\"og:image:height\" content=\"1080\" \/>\n\t<meta property=\"og:image:type\" content=\"image\/jpeg\" \/>\n<meta name=\"twitter:card\" content=\"summary_large_image\" \/>\n<meta name=\"twitter:label1\" content=\"Arvioitu lukuaika\" \/>\n\t<meta name=\"twitter:data1\" content=\"2 minuuttia\" \/>\n<script type=\"application\/ld+json\" class=\"yoast-schema-graph\">{\"@context\":\"https:\/\/schema.org\",\"@graph\":[{\"@type\":\"WebPage\",\"@id\":\"https:\/\/www.meresuu.ee\/fi\/kokoustilat\/\",\"url\":\"https:\/\/www.meresuu.ee\/fi\/kokoustilat\/\",\"name\":\"Kokoustilat | Meresuu SPA & Hotel |\u00a0Konferenssit ja seminaarit Virossa\",\"isPartOf\":{\"@id\":\"https:\/\/www.meresuu.ee\/#website\"},\"primaryImageOfPage\":{\"@id\":\"https:\/\/www.meresuu.ee\/fi\/kokoustilat\/#primaryimage\"},\"image\":{\"@id\":\"https:\/\/www.meresuu.ee\/fi\/kokoustilat\/#primaryimage\"},\"thumbnailUrl\":\"https:\/\/www.meresuu.ee\/wp-content\/uploads\/2019\/05\/Meresuu-SPA-Hotell-Konverentsikeskus_06.jpg\",\"datePublished\":\"2015-05-13T16:06:27+00:00\",\"dateModified\":\"2025-01-14T12:41:25+00:00\",\"description\":\"Kokoustilat Meresuun SPA hotellissa - 4 erikokoista salia p\u00e4iv\u00e4nvalolla. Suurimpaan saliin mahtuu 110 vierasta. L\u00e4het\u00e4 tiedustelu..\",\"breadcrumb\":{\"@id\":\"https:\/\/www.meresuu.ee\/fi\/kokoustilat\/#breadcrumb\"},\"inLanguage\":\"fi\",\"potentialAction\":[{\"@type\":\"ReadAction\",\"target\":[\"https:\/\/www.meresuu.ee\/fi\/kokoustilat\/\"]}]},{\"@type\":\"ImageObject\",\"inLanguage\":\"fi\",\"@id\":\"https:\/\/www.meresuu.ee\/fi\/kokoustilat\/#primaryimage\",\"url\":\"https:\/\/www.meresuu.ee\/wp-content\/uploads\/2019\/05\/Meresuu-SPA-Hotell-Konverentsikeskus_06.jpg\",\"contentUrl\":\"https:\/\/www.meresuu.ee\/wp-content\/uploads\/2019\/05\/Meresuu-SPA-Hotell-Konverentsikeskus_06.jpg\",\"width\":1920,\"height\":1080},{\"@type\":\"BreadcrumbList\",\"@id\":\"https:\/\/www.meresuu.ee\/fi\/kokoustilat\/#breadcrumb\",\"itemListElement\":[{\"@type\":\"ListItem\",\"position\":1,\"name\":\"Home\",\"item\":\"https:\/\/www.meresuu.ee\/fi\/\"},{\"@type\":\"ListItem\",\"position\":2,\"name\":\"Konferenssit ja seminaarit\"}]},{\"@type\":\"WebSite\",\"@id\":\"https:\/\/www.meresuu.ee\/#website\",\"url\":\"https:\/\/www.meresuu.ee\/\",\"name\":\"Meresuu SPA &amp; Hotel, Estonia\",\"description\":\"Kylpyl\u00e4hotelli Narva-J\u00f5esuussa\",\"potentialAction\":[{\"@type\":\"SearchAction\",\"target\":{\"@type\":\"EntryPoint\",\"urlTemplate\":\"https:\/\/www.meresuu.ee\/?s={search_term_string}\"},\"query-input\":{\"@type\":\"PropertyValueSpecification\",\"valueRequired\":true,\"valueName\":\"search_term_string\"}}],\"inLanguage\":\"fi\"}]}<\/script>\n<!-- \/ Yoast SEO plugin. -->","yoast_head_json":{"title":"Kokoustilat | Meresuu SPA & Hotel |\u00a0Konferenssit ja seminaarit Virossa","description":"Kokoustilat Meresuun SPA hotellissa - 4 erikokoista salia p\u00e4iv\u00e4nvalolla. Suurimpaan saliin mahtuu 110 vierasta. L\u00e4het\u00e4 tiedustelu..","robots":{"index":"index","follow":"follow","max-snippet":"max-snippet:-1","max-image-preview":"max-image-preview:large","max-video-preview":"max-video-preview:-1"},"canonical":"https:\/\/www.meresuu.ee\/fi\/kokoustilat\/","og_locale":"fi_FI","og_type":"article","og_title":"Kokoustilat | Meresuu SPA & Hotel |\u00a0Konferenssit ja seminaarit Virossa","og_description":"Kokoustilat Meresuun SPA hotellissa - 4 erikokoista salia p\u00e4iv\u00e4nvalolla. Suurimpaan saliin mahtuu 110 vierasta. L\u00e4het\u00e4 tiedustelu..","og_url":"https:\/\/www.meresuu.ee\/fi\/kokoustilat\/","og_site_name":"Meresuu SPA &amp; Hotel, Estonia","article_modified_time":"2025-01-14T12:41:25+00:00","og_image":[{"width":1920,"height":1080,"url":"https:\/\/www.meresuu.ee\/wp-content\/uploads\/2019\/05\/Meresuu-SPA-Hotell-Konverentsikeskus_06.jpg","type":"image\/jpeg"}],"twitter_card":"summary_large_image","twitter_misc":{"Arvioitu lukuaika":"2 minuuttia"},"schema":{"@context":"https:\/\/schema.org","@graph":[{"@type":"WebPage","@id":"https:\/\/www.meresuu.ee\/fi\/kokoustilat\/","url":"https:\/\/www.meresuu.ee\/fi\/kokoustilat\/","name":"Kokoustilat | Meresuu SPA & Hotel |\u00a0Konferenssit ja seminaarit Virossa","isPartOf":{"@id":"https:\/\/www.meresuu.ee\/#website"},"primaryImageOfPage":{"@id":"https:\/\/www.meresuu.ee\/fi\/kokoustilat\/#primaryimage"},"image":{"@id":"https:\/\/www.meresuu.ee\/fi\/kokoustilat\/#primaryimage"},"thumbnailUrl":"https:\/\/www.meresuu.ee\/wp-content\/uploads\/2019\/05\/Meresuu-SPA-Hotell-Konverentsikeskus_06.jpg","datePublished":"2015-05-13T16:06:27+00:00","dateModified":"2025-01-14T12:41:25+00:00","description":"Kokoustilat Meresuun SPA hotellissa - 4 erikokoista salia p\u00e4iv\u00e4nvalolla. Suurimpaan saliin mahtuu 110 vierasta. L\u00e4het\u00e4 tiedustelu..","breadcrumb":{"@id":"https:\/\/www.meresuu.ee\/fi\/kokoustilat\/#breadcrumb"},"inLanguage":"fi","potentialAction":[{"@type":"ReadAction","target":["https:\/\/www.meresuu.ee\/fi\/kokoustilat\/"]}]},{"@type":"ImageObject","inLanguage":"fi","@id":"https:\/\/www.meresuu.ee\/fi\/kokoustilat\/#primaryimage","url":"https:\/\/www.meresuu.ee\/wp-content\/uploads\/2019\/05\/Meresuu-SPA-Hotell-Konverentsikeskus_06.jpg","contentUrl":"https:\/\/www.meresuu.ee\/wp-content\/uploads\/2019\/05\/Meresuu-SPA-Hotell-Konverentsikeskus_06.jpg","width":1920,"height":1080},{"@type":"BreadcrumbList","@id":"https:\/\/www.meresuu.ee\/fi\/kokoustilat\/#breadcrumb","itemListElement":[{"@type":"ListItem","position":1,"name":"Home","item":"https:\/\/www.meresuu.ee\/fi\/"},{"@type":"ListItem","position":2,"name":"Konferenssit ja seminaarit"}]},{"@type":"WebSite","@id":"https:\/\/www.meresuu.ee\/#website","url":"https:\/\/www.meresuu.ee\/","name":"Meresuu SPA &amp; Hotel, Estonia","description":"Kylpyl\u00e4hotelli Narva-J\u00f5esuussa","potentialAction":[{"@type":"SearchAction","target":{"@type":"EntryPoint","urlTemplate":"https:\/\/www.meresuu.ee\/?s={search_term_string}"},"query-input":{"@type":"PropertyValueSpecification","valueRequired":true,"valueName":"search_term_string"}}],"inLanguage":"fi"}]}},"_links":{"self":[{"href":"https:\/\/www.meresuu.ee\/fi\/wp-json\/wp\/v2\/pages\/10487","targetHints":{"allow":["GET"]}}],"collection":[{"href":"https:\/\/www.meresuu.ee\/fi\/wp-json\/wp\/v2\/pages"}],"about":[{"href":"https:\/\/www.meresuu.ee\/fi\/wp-json\/wp\/v2\/types\/page"}],"author":[{"embeddable":true,"href":"https:\/\/www.meresuu.ee\/fi\/wp-json\/wp\/v2\/users\/50"}],"replies":[{"embeddable":true,"href":"https:\/\/www.meresuu.ee\/fi\/wp-json\/wp\/v2\/comments?post=10487"}],"version-history":[{"count":10,"href":"https:\/\/www.meresuu.ee\/fi\/wp-json\/wp\/v2\/pages\/10487\/revisions"}],"predecessor-version":[{"id":24077,"href":"https:\/\/www.meresuu.ee\/fi\/wp-json\/wp\/v2\/pages\/10487\/revisions\/24077"}],"wp:featuredmedia":[{"embeddable":true,"href":"https:\/\/www.meresuu.ee\/fi\/wp-json\/wp\/v2\/media\/17627"}],"wp:attachment":[{"href":"https:\/\/www.meresuu.ee\/fi\/wp-json\/wp\/v2\/media?parent=10487"}],"curies":[{"name":"wp","href":"https:\/\/api.w.org\/{rel}","templated":true}]}}