{"id":10512,"date":"2015-05-14T20:45:28","date_gmt":"2015-05-14T20:45:28","guid":{"rendered":"http:\/\/www.meresuu.ee\/kauneus-ja-hyvinvointi\/paevaspaa-paketid\/"},"modified":"2024-10-30T07:52:00","modified_gmt":"2024-10-30T07:52:00","slug":"day-spa-paketit","status":"publish","type":"page","link":"https:\/\/www.meresuu.ee\/fi\/kauneushoitola\/day-spa-paketit\/","title":{"rendered":"Day spa-paketit"},"content":{"rendered":"","protected":false},"excerpt":{"rendered":"","protected":false},"author":50,"featured_media":8280,"parent":10508,"menu_order":171,"comment_status":"open","ping_status":"closed","template":"","meta":{"_acf_changed":false,"footnotes":""},"class_list":["post-10512","page","type-page","status-publish","has-post-thumbnail","hentry"],"acf":[],"yoast_head":"<!-- This site is optimized with the Yoast SEO plugin v25.0 - https:\/\/yoast.com\/wordpress\/plugins\/seo\/ -->\n<title>Day spa-paketit | Meresuu SPA &amp; Hotel |\u00a0Viron kylpyl\u00e4hotelli<\/title>\n<meta name=\"description\" content=\"Meresuun day spa-pakettia voi t\u00e4ydent\u00e4\u00e4 omien toiveiden mukaisesti, lis\u00e4\u00e4m\u00e4ll\u00e4 spa-hoitoja tai pident\u00e4m\u00e4ll\u00e4 hieronnan pituutta. Hinta alkaen 44 \u20ac!\" \/>\n<meta name=\"robots\" content=\"index, follow, max-snippet:-1, max-image-preview:large, max-video-preview:-1\" \/>\n<link rel=\"canonical\" href=\"https:\/\/www.meresuu.ee\/fi\/kauneushoitola\/day-spa-paketit\/\" \/>\n<meta property=\"og:locale\" content=\"fi_FI\" \/>\n<meta property=\"og:type\" content=\"article\" \/>\n<meta property=\"og:title\" content=\"Day spa-paketit | Meresuu SPA &amp; Hotel |\u00a0Viron kylpyl\u00e4hotelli\" \/>\n<meta property=\"og:description\" content=\"Meresuun day spa-pakettia voi t\u00e4ydent\u00e4\u00e4 omien toiveiden mukaisesti, lis\u00e4\u00e4m\u00e4ll\u00e4 spa-hoitoja tai pident\u00e4m\u00e4ll\u00e4 hieronnan pituutta. Hinta alkaen 44 \u20ac!\" \/>\n<meta property=\"og:url\" content=\"https:\/\/www.meresuu.ee\/fi\/kauneushoitola\/day-spa-paketit\/\" \/>\n<meta property=\"og:site_name\" content=\"Meresuu SPA &amp; Hotel, Estonia\" \/>\n<meta property=\"article:modified_time\" content=\"2024-10-30T07:52:00+00:00\" \/>\n<meta property=\"og:image\" content=\"https:\/\/www.meresuu.ee\/wp-content\/uploads\/2017\/06\/Ilu-tervisemaailm_073-min.jpg\" \/>\n\t<meta property=\"og:image:width\" content=\"1920\" \/>\n\t<meta property=\"og:image:height\" content=\"1080\" \/>\n\t<meta property=\"og:image:type\" content=\"image\/jpeg\" \/>\n<meta name=\"twitter:card\" content=\"summary_large_image\" \/>\n<meta name=\"twitter:label1\" content=\"Arvioitu lukuaika\" \/>\n\t<meta name=\"twitter:data1\" content=\"1 minuutti\" \/>\n<script type=\"application\/ld+json\" class=\"yoast-schema-graph\">{\"@context\":\"https:\/\/schema.org\",\"@graph\":[{\"@type\":\"WebPage\",\"@id\":\"https:\/\/www.meresuu.ee\/fi\/kauneushoitola\/day-spa-paketit\/\",\"url\":\"https:\/\/www.meresuu.ee\/fi\/kauneushoitola\/day-spa-paketit\/\",\"name\":\"Day spa-paketit | Meresuu SPA & Hotel |\u00a0Viron kylpyl\u00e4hotelli\",\"isPartOf\":{\"@id\":\"https:\/\/www.meresuu.ee\/#website\"},\"primaryImageOfPage\":{\"@id\":\"https:\/\/www.meresuu.ee\/fi\/kauneushoitola\/day-spa-paketit\/#primaryimage\"},\"image\":{\"@id\":\"https:\/\/www.meresuu.ee\/fi\/kauneushoitola\/day-spa-paketit\/#primaryimage\"},\"thumbnailUrl\":\"https:\/\/www.meresuu.ee\/wp-content\/uploads\/2017\/06\/Ilu-tervisemaailm_073-min.jpg\",\"datePublished\":\"2015-05-14T20:45:28+00:00\",\"dateModified\":\"2024-10-30T07:52:00+00:00\",\"description\":\"Meresuun day spa-pakettia voi t\u00e4ydent\u00e4\u00e4 omien toiveiden mukaisesti, lis\u00e4\u00e4m\u00e4ll\u00e4 spa-hoitoja tai pident\u00e4m\u00e4ll\u00e4 hieronnan pituutta. Hinta alkaen 44 \u20ac!\",\"breadcrumb\":{\"@id\":\"https:\/\/www.meresuu.ee\/fi\/kauneushoitola\/day-spa-paketit\/#breadcrumb\"},\"inLanguage\":\"fi\",\"potentialAction\":[{\"@type\":\"ReadAction\",\"target\":[\"https:\/\/www.meresuu.ee\/fi\/kauneushoitola\/day-spa-paketit\/\"]}]},{\"@type\":\"ImageObject\",\"inLanguage\":\"fi\",\"@id\":\"https:\/\/www.meresuu.ee\/fi\/kauneushoitola\/day-spa-paketit\/#primaryimage\",\"url\":\"https:\/\/www.meresuu.ee\/wp-content\/uploads\/2017\/06\/Ilu-tervisemaailm_073-min.jpg\",\"contentUrl\":\"https:\/\/www.meresuu.ee\/wp-content\/uploads\/2017\/06\/Ilu-tervisemaailm_073-min.jpg\",\"width\":1920,\"height\":1080,\"caption\":\"Day spa-paketit | Meresuu SPA & Hotel |\u00a0Viron kylpyl\u00e4hotelli\"},{\"@type\":\"BreadcrumbList\",\"@id\":\"https:\/\/www.meresuu.ee\/fi\/kauneushoitola\/day-spa-paketit\/#breadcrumb\",\"itemListElement\":[{\"@type\":\"ListItem\",\"position\":1,\"name\":\"Home\",\"item\":\"https:\/\/www.meresuu.ee\/fi\/\"},{\"@type\":\"ListItem\",\"position\":2,\"name\":\"Kauneus ja hyvinvointi\",\"item\":\"https:\/\/www.meresuu.ee\/fi\/kauneushoitola\/\"},{\"@type\":\"ListItem\",\"position\":3,\"name\":\"Day spa-paketit\"}]},{\"@type\":\"WebSite\",\"@id\":\"https:\/\/www.meresuu.ee\/#website\",\"url\":\"https:\/\/www.meresuu.ee\/\",\"name\":\"Meresuu SPA &amp; Hotel, Estonia\",\"description\":\"Kylpyl\u00e4hotelli Narva-J\u00f5esuussa\",\"potentialAction\":[{\"@type\":\"SearchAction\",\"target\":{\"@type\":\"EntryPoint\",\"urlTemplate\":\"https:\/\/www.meresuu.ee\/?s={search_term_string}\"},\"query-input\":{\"@type\":\"PropertyValueSpecification\",\"valueRequired\":true,\"valueName\":\"search_term_string\"}}],\"inLanguage\":\"fi\"}]}<\/script>\n<!-- \/ Yoast SEO plugin. -->","yoast_head_json":{"title":"Day spa-paketit | Meresuu SPA & Hotel |\u00a0Viron kylpyl\u00e4hotelli","description":"Meresuun day spa-pakettia voi t\u00e4ydent\u00e4\u00e4 omien toiveiden mukaisesti, lis\u00e4\u00e4m\u00e4ll\u00e4 spa-hoitoja tai pident\u00e4m\u00e4ll\u00e4 hieronnan pituutta. Hinta alkaen 44 \u20ac!","robots":{"index":"index","follow":"follow","max-snippet":"max-snippet:-1","max-image-preview":"max-image-preview:large","max-video-preview":"max-video-preview:-1"},"canonical":"https:\/\/www.meresuu.ee\/fi\/kauneushoitola\/day-spa-paketit\/","og_locale":"fi_FI","og_type":"article","og_title":"Day spa-paketit | Meresuu SPA & Hotel |\u00a0Viron kylpyl\u00e4hotelli","og_description":"Meresuun day spa-pakettia voi t\u00e4ydent\u00e4\u00e4 omien toiveiden mukaisesti, lis\u00e4\u00e4m\u00e4ll\u00e4 spa-hoitoja tai pident\u00e4m\u00e4ll\u00e4 hieronnan pituutta. Hinta alkaen 44 \u20ac!","og_url":"https:\/\/www.meresuu.ee\/fi\/kauneushoitola\/day-spa-paketit\/","og_site_name":"Meresuu SPA &amp; Hotel, Estonia","article_modified_time":"2024-10-30T07:52:00+00:00","og_image":[{"width":1920,"height":1080,"url":"https:\/\/www.meresuu.ee\/wp-content\/uploads\/2017\/06\/Ilu-tervisemaailm_073-min.jpg","type":"image\/jpeg"}],"twitter_card":"summary_large_image","twitter_misc":{"Arvioitu lukuaika":"1 minuutti"},"schema":{"@context":"https:\/\/schema.org","@graph":[{"@type":"WebPage","@id":"https:\/\/www.meresuu.ee\/fi\/kauneushoitola\/day-spa-paketit\/","url":"https:\/\/www.meresuu.ee\/fi\/kauneushoitola\/day-spa-paketit\/","name":"Day spa-paketit | Meresuu SPA & Hotel |\u00a0Viron kylpyl\u00e4hotelli","isPartOf":{"@id":"https:\/\/www.meresuu.ee\/#website"},"primaryImageOfPage":{"@id":"https:\/\/www.meresuu.ee\/fi\/kauneushoitola\/day-spa-paketit\/#primaryimage"},"image":{"@id":"https:\/\/www.meresuu.ee\/fi\/kauneushoitola\/day-spa-paketit\/#primaryimage"},"thumbnailUrl":"https:\/\/www.meresuu.ee\/wp-content\/uploads\/2017\/06\/Ilu-tervisemaailm_073-min.jpg","datePublished":"2015-05-14T20:45:28+00:00","dateModified":"2024-10-30T07:52:00+00:00","description":"Meresuun day spa-pakettia voi t\u00e4ydent\u00e4\u00e4 omien toiveiden mukaisesti, lis\u00e4\u00e4m\u00e4ll\u00e4 spa-hoitoja tai pident\u00e4m\u00e4ll\u00e4 hieronnan pituutta. Hinta alkaen 44 \u20ac!","breadcrumb":{"@id":"https:\/\/www.meresuu.ee\/fi\/kauneushoitola\/day-spa-paketit\/#breadcrumb"},"inLanguage":"fi","potentialAction":[{"@type":"ReadAction","target":["https:\/\/www.meresuu.ee\/fi\/kauneushoitola\/day-spa-paketit\/"]}]},{"@type":"ImageObject","inLanguage":"fi","@id":"https:\/\/www.meresuu.ee\/fi\/kauneushoitola\/day-spa-paketit\/#primaryimage","url":"https:\/\/www.meresuu.ee\/wp-content\/uploads\/2017\/06\/Ilu-tervisemaailm_073-min.jpg","contentUrl":"https:\/\/www.meresuu.ee\/wp-content\/uploads\/2017\/06\/Ilu-tervisemaailm_073-min.jpg","width":1920,"height":1080,"caption":"Day spa-paketit | Meresuu SPA & Hotel |\u00a0Viron kylpyl\u00e4hotelli"},{"@type":"BreadcrumbList","@id":"https:\/\/www.meresuu.ee\/fi\/kauneushoitola\/day-spa-paketit\/#breadcrumb","itemListElement":[{"@type":"ListItem","position":1,"name":"Home","item":"https:\/\/www.meresuu.ee\/fi\/"},{"@type":"ListItem","position":2,"name":"Kauneus ja hyvinvointi","item":"https:\/\/www.meresuu.ee\/fi\/kauneushoitola\/"},{"@type":"ListItem","position":3,"name":"Day spa-paketit"}]},{"@type":"WebSite","@id":"https:\/\/www.meresuu.ee\/#website","url":"https:\/\/www.meresuu.ee\/","name":"Meresuu SPA &amp; Hotel, Estonia","description":"Kylpyl\u00e4hotelli Narva-J\u00f5esuussa","potentialAction":[{"@type":"SearchAction","target":{"@type":"EntryPoint","urlTemplate":"https:\/\/www.meresuu.ee\/?s={search_term_string}"},"query-input":{"@type":"PropertyValueSpecification","valueRequired":true,"valueName":"search_term_string"}}],"inLanguage":"fi"}]}},"_links":{"self":[{"href":"https:\/\/www.meresuu.ee\/fi\/wp-json\/wp\/v2\/pages\/10512","targetHints":{"allow":["GET"]}}],"collection":[{"href":"https:\/\/www.meresuu.ee\/fi\/wp-json\/wp\/v2\/pages"}],"about":[{"href":"https:\/\/www.meresuu.ee\/fi\/wp-json\/wp\/v2\/types\/page"}],"author":[{"embeddable":true,"href":"https:\/\/www.meresuu.ee\/fi\/wp-json\/wp\/v2\/users\/50"}],"replies":[{"embeddable":true,"href":"https:\/\/www.meresuu.ee\/fi\/wp-json\/wp\/v2\/comments?post=10512"}],"version-history":[{"count":9,"href":"https:\/\/www.meresuu.ee\/fi\/wp-json\/wp\/v2\/pages\/10512\/revisions"}],"predecessor-version":[{"id":23760,"href":"https:\/\/www.meresuu.ee\/fi\/wp-json\/wp\/v2\/pages\/10512\/revisions\/23760"}],"up":[{"embeddable":true,"href":"https:\/\/www.meresuu.ee\/fi\/wp-json\/wp\/v2\/pages\/10508"}],"wp:featuredmedia":[{"embeddable":true,"href":"https:\/\/www.meresuu.ee\/fi\/wp-json\/wp\/v2\/media\/8280"}],"wp:attachment":[{"href":"https:\/\/www.meresuu.ee\/fi\/wp-json\/wp\/v2\/media?parent=10512"}],"curies":[{"name":"wp","href":"https:\/\/api.w.org\/{rel}","templated":true}]}}