{"id":10616,"date":"2017-07-18T09:50:40","date_gmt":"2017-07-18T09:50:40","guid":{"rendered":"http:\/\/www.meresuu.ee\/urheiluhalli\/spordiklubi-hea-tava\/"},"modified":"2022-03-24T15:02:57","modified_gmt":"2022-03-24T15:02:57","slug":"kuntosalin-hyvat-kaytostavat","status":"publish","type":"page","link":"https:\/\/www.meresuu.ee\/fi\/kuntosali-ja-liikuntakeskus\/kuntosalin-hyvat-kaytostavat\/","title":{"rendered":"Kuntosalin hyv\u00e4t k\u00e4yt\u00f6stavat"},"content":{"rendered":"","protected":false},"excerpt":{"rendered":"","protected":false},"author":50,"featured_media":0,"parent":10580,"menu_order":333,"comment_status":"open","ping_status":"closed","template":"","meta":{"_acf_changed":false,"footnotes":""},"class_list":["post-10616","page","type-page","status-publish","hentry"],"acf":[],"yoast_head":"<!-- This site is optimized with the Yoast SEO plugin v25.0 - https:\/\/yoast.com\/wordpress\/plugins\/seo\/ -->\n<title>Kuntosalin hyv\u00e4t k\u00e4yt\u00f6stavat | Meresuu SPA &amp; Hotel, Estonia<\/title>\n<meta name=\"robots\" content=\"index, follow, max-snippet:-1, max-image-preview:large, max-video-preview:-1\" \/>\n<link rel=\"canonical\" href=\"https:\/\/www.meresuu.ee\/fi\/kuntosali-ja-liikuntakeskus\/kuntosalin-hyvat-kaytostavat\/\" \/>\n<meta property=\"og:locale\" content=\"fi_FI\" \/>\n<meta property=\"og:type\" content=\"article\" \/>\n<meta property=\"og:title\" content=\"Kuntosalin hyv\u00e4t k\u00e4yt\u00f6stavat | Meresuu SPA &amp; Hotel, Estonia\" \/>\n<meta property=\"og:url\" content=\"https:\/\/www.meresuu.ee\/fi\/kuntosali-ja-liikuntakeskus\/kuntosalin-hyvat-kaytostavat\/\" \/>\n<meta property=\"og:site_name\" content=\"Meresuu SPA &amp; Hotel, Estonia\" \/>\n<meta property=\"article:modified_time\" content=\"2022-03-24T15:02:57+00:00\" \/>\n<meta name=\"twitter:card\" content=\"summary_large_image\" \/>\n<script type=\"application\/ld+json\" class=\"yoast-schema-graph\">{\"@context\":\"https:\/\/schema.org\",\"@graph\":[{\"@type\":\"WebPage\",\"@id\":\"https:\/\/www.meresuu.ee\/fi\/kuntosali-ja-liikuntakeskus\/kuntosalin-hyvat-kaytostavat\/\",\"url\":\"https:\/\/www.meresuu.ee\/fi\/kuntosali-ja-liikuntakeskus\/kuntosalin-hyvat-kaytostavat\/\",\"name\":\"Kuntosalin hyv\u00e4t k\u00e4yt\u00f6stavat | Meresuu SPA &amp; Hotel, Estonia\",\"isPartOf\":{\"@id\":\"https:\/\/www.meresuu.ee\/#website\"},\"datePublished\":\"2017-07-18T09:50:40+00:00\",\"dateModified\":\"2022-03-24T15:02:57+00:00\",\"breadcrumb\":{\"@id\":\"https:\/\/www.meresuu.ee\/fi\/kuntosali-ja-liikuntakeskus\/kuntosalin-hyvat-kaytostavat\/#breadcrumb\"},\"inLanguage\":\"fi\",\"potentialAction\":[{\"@type\":\"ReadAction\",\"target\":[\"https:\/\/www.meresuu.ee\/fi\/kuntosali-ja-liikuntakeskus\/kuntosalin-hyvat-kaytostavat\/\"]}]},{\"@type\":\"BreadcrumbList\",\"@id\":\"https:\/\/www.meresuu.ee\/fi\/kuntosali-ja-liikuntakeskus\/kuntosalin-hyvat-kaytostavat\/#breadcrumb\",\"itemListElement\":[{\"@type\":\"ListItem\",\"position\":1,\"name\":\"Home\",\"item\":\"https:\/\/www.meresuu.ee\/fi\/\"},{\"@type\":\"ListItem\",\"position\":2,\"name\":\"Kuntosali ja liikuntakeskus\",\"item\":\"https:\/\/www.meresuu.ee\/fi\/kuntosali-ja-liikuntakeskus\/\"},{\"@type\":\"ListItem\",\"position\":3,\"name\":\"Kuntosalin hyv\u00e4t k\u00e4yt\u00f6stavat\"}]},{\"@type\":\"WebSite\",\"@id\":\"https:\/\/www.meresuu.ee\/#website\",\"url\":\"https:\/\/www.meresuu.ee\/\",\"name\":\"Meresuu SPA &amp; Hotel, Estonia\",\"description\":\"Kylpyl\u00e4hotelli Narva-J\u00f5esuussa\",\"potentialAction\":[{\"@type\":\"SearchAction\",\"target\":{\"@type\":\"EntryPoint\",\"urlTemplate\":\"https:\/\/www.meresuu.ee\/?s={search_term_string}\"},\"query-input\":{\"@type\":\"PropertyValueSpecification\",\"valueRequired\":true,\"valueName\":\"search_term_string\"}}],\"inLanguage\":\"fi\"}]}<\/script>\n<!-- \/ Yoast SEO plugin. -->","yoast_head_json":{"title":"Kuntosalin hyv\u00e4t k\u00e4yt\u00f6stavat | Meresuu SPA &amp; Hotel, Estonia","robots":{"index":"index","follow":"follow","max-snippet":"max-snippet:-1","max-image-preview":"max-image-preview:large","max-video-preview":"max-video-preview:-1"},"canonical":"https:\/\/www.meresuu.ee\/fi\/kuntosali-ja-liikuntakeskus\/kuntosalin-hyvat-kaytostavat\/","og_locale":"fi_FI","og_type":"article","og_title":"Kuntosalin hyv\u00e4t k\u00e4yt\u00f6stavat | Meresuu SPA &amp; Hotel, Estonia","og_url":"https:\/\/www.meresuu.ee\/fi\/kuntosali-ja-liikuntakeskus\/kuntosalin-hyvat-kaytostavat\/","og_site_name":"Meresuu SPA &amp; Hotel, Estonia","article_modified_time":"2022-03-24T15:02:57+00:00","twitter_card":"summary_large_image","schema":{"@context":"https:\/\/schema.org","@graph":[{"@type":"WebPage","@id":"https:\/\/www.meresuu.ee\/fi\/kuntosali-ja-liikuntakeskus\/kuntosalin-hyvat-kaytostavat\/","url":"https:\/\/www.meresuu.ee\/fi\/kuntosali-ja-liikuntakeskus\/kuntosalin-hyvat-kaytostavat\/","name":"Kuntosalin hyv\u00e4t k\u00e4yt\u00f6stavat | Meresuu SPA &amp; Hotel, Estonia","isPartOf":{"@id":"https:\/\/www.meresuu.ee\/#website"},"datePublished":"2017-07-18T09:50:40+00:00","dateModified":"2022-03-24T15:02:57+00:00","breadcrumb":{"@id":"https:\/\/www.meresuu.ee\/fi\/kuntosali-ja-liikuntakeskus\/kuntosalin-hyvat-kaytostavat\/#breadcrumb"},"inLanguage":"fi","potentialAction":[{"@type":"ReadAction","target":["https:\/\/www.meresuu.ee\/fi\/kuntosali-ja-liikuntakeskus\/kuntosalin-hyvat-kaytostavat\/"]}]},{"@type":"BreadcrumbList","@id":"https:\/\/www.meresuu.ee\/fi\/kuntosali-ja-liikuntakeskus\/kuntosalin-hyvat-kaytostavat\/#breadcrumb","itemListElement":[{"@type":"ListItem","position":1,"name":"Home","item":"https:\/\/www.meresuu.ee\/fi\/"},{"@type":"ListItem","position":2,"name":"Kuntosali ja liikuntakeskus","item":"https:\/\/www.meresuu.ee\/fi\/kuntosali-ja-liikuntakeskus\/"},{"@type":"ListItem","position":3,"name":"Kuntosalin hyv\u00e4t k\u00e4yt\u00f6stavat"}]},{"@type":"WebSite","@id":"https:\/\/www.meresuu.ee\/#website","url":"https:\/\/www.meresuu.ee\/","name":"Meresuu SPA &amp; Hotel, Estonia","description":"Kylpyl\u00e4hotelli Narva-J\u00f5esuussa","potentialAction":[{"@type":"SearchAction","target":{"@type":"EntryPoint","urlTemplate":"https:\/\/www.meresuu.ee\/?s={search_term_string}"},"query-input":{"@type":"PropertyValueSpecification","valueRequired":true,"valueName":"search_term_string"}}],"inLanguage":"fi"}]}},"_links":{"self":[{"href":"https:\/\/www.meresuu.ee\/fi\/wp-json\/wp\/v2\/pages\/10616","targetHints":{"allow":["GET"]}}],"collection":[{"href":"https:\/\/www.meresuu.ee\/fi\/wp-json\/wp\/v2\/pages"}],"about":[{"href":"https:\/\/www.meresuu.ee\/fi\/wp-json\/wp\/v2\/types\/page"}],"author":[{"embeddable":true,"href":"https:\/\/www.meresuu.ee\/fi\/wp-json\/wp\/v2\/users\/50"}],"replies":[{"embeddable":true,"href":"https:\/\/www.meresuu.ee\/fi\/wp-json\/wp\/v2\/comments?post=10616"}],"version-history":[{"count":8,"href":"https:\/\/www.meresuu.ee\/fi\/wp-json\/wp\/v2\/pages\/10616\/revisions"}],"predecessor-version":[{"id":21594,"href":"https:\/\/www.meresuu.ee\/fi\/wp-json\/wp\/v2\/pages\/10616\/revisions\/21594"}],"up":[{"embeddable":true,"href":"https:\/\/www.meresuu.ee\/fi\/wp-json\/wp\/v2\/pages\/10580"}],"wp:attachment":[{"href":"https:\/\/www.meresuu.ee\/fi\/wp-json\/wp\/v2\/media?parent=10616"}],"curies":[{"name":"wp","href":"https:\/\/api.w.org\/{rel}","templated":true}]}}