{"id":10624,"date":"2015-05-05T14:43:00","date_gmt":"2015-05-05T14:43:00","guid":{"rendered":"http:\/\/www.meresuu.ee\/restoran-narva-joesuus\/"},"modified":"2026-01-11T21:50:27","modified_gmt":"2026-01-11T21:50:27","slug":"ravintolat","status":"publish","type":"page","link":"https:\/\/www.meresuu.ee\/fi\/ravintolat\/","title":{"rendered":"Ruoka ja juoma"},"content":{"rendered":"","protected":false},"excerpt":{"rendered":"","protected":false},"author":50,"featured_media":22445,"parent":0,"menu_order":312,"comment_status":"open","ping_status":"open","template":"","meta":{"_acf_changed":false,"footnotes":""},"class_list":["post-10624","page","type-page","status-publish","has-post-thumbnail","hentry"],"acf":[],"yoast_head":"<!-- This site is optimized with the Yoast SEO plugin v25.0 - https:\/\/yoast.com\/wordpress\/plugins\/seo\/ -->\n<title>Ravintolat Meresuun SPA hotellissa | Ruoka ja juoma<\/title>\n<meta name=\"description\" content=\"Ravintolat Meresuun SPA hotellissa: ravintola Meloodian buffet sek\u00e4 A la Cart\u00e9, kes\u00e4terassi, Lounge-baari Red Rose, saunaosaston baari.\" \/>\n<meta name=\"robots\" content=\"index, follow, max-snippet:-1, max-image-preview:large, max-video-preview:-1\" \/>\n<link rel=\"canonical\" href=\"https:\/\/www.meresuu.ee\/fi\/ravintolat\/\" \/>\n<meta property=\"og:locale\" content=\"fi_FI\" \/>\n<meta property=\"og:type\" content=\"article\" \/>\n<meta property=\"og:title\" content=\"Ravintolat Meresuun SPA hotellissa | Ruoka ja juoma\" \/>\n<meta property=\"og:description\" content=\"Ravintolat Meresuun SPA hotellissa: ravintola Meloodian buffet sek\u00e4 A la Cart\u00e9, kes\u00e4terassi, Lounge-baari Red Rose, saunaosaston baari.\" \/>\n<meta property=\"og:url\" content=\"https:\/\/www.meresuu.ee\/fi\/ravintolat\/\" \/>\n<meta property=\"og:site_name\" content=\"Meresuu SPA &amp; Hotel, Estonia\" \/>\n<meta property=\"article:modified_time\" content=\"2026-01-11T21:50:27+00:00\" \/>\n<meta property=\"og:image\" content=\"https:\/\/www.meresuu.ee\/wp-content\/uploads\/2023\/03\/Meresuu-restoran-Meloodia-maitseseiklus-erimenuu_01.jpg\" \/>\n\t<meta property=\"og:image:width\" content=\"900\" \/>\n\t<meta property=\"og:image:height\" content=\"600\" \/>\n\t<meta property=\"og:image:type\" content=\"image\/jpeg\" \/>\n<meta name=\"twitter:card\" content=\"summary_large_image\" \/>\n<meta name=\"twitter:label1\" content=\"Arvioitu lukuaika\" \/>\n\t<meta name=\"twitter:data1\" content=\"2 minuuttia\" \/>\n<script type=\"application\/ld+json\" class=\"yoast-schema-graph\">{\"@context\":\"https:\/\/schema.org\",\"@graph\":[{\"@type\":\"WebPage\",\"@id\":\"https:\/\/www.meresuu.ee\/fi\/ravintolat\/\",\"url\":\"https:\/\/www.meresuu.ee\/fi\/ravintolat\/\",\"name\":\"Ravintolat Meresuun SPA hotellissa | Ruoka ja juoma\",\"isPartOf\":{\"@id\":\"https:\/\/www.meresuu.ee\/#website\"},\"primaryImageOfPage\":{\"@id\":\"https:\/\/www.meresuu.ee\/fi\/ravintolat\/#primaryimage\"},\"image\":{\"@id\":\"https:\/\/www.meresuu.ee\/fi\/ravintolat\/#primaryimage\"},\"thumbnailUrl\":\"https:\/\/www.meresuu.ee\/wp-content\/uploads\/2023\/03\/Meresuu-restoran-Meloodia-maitseseiklus-erimenuu_01.jpg\",\"datePublished\":\"2015-05-05T14:43:00+00:00\",\"dateModified\":\"2026-01-11T21:50:27+00:00\",\"description\":\"Ravintolat Meresuun SPA hotellissa: ravintola Meloodian buffet sek\u00e4 A la Cart\u00e9, kes\u00e4terassi, Lounge-baari Red Rose, saunaosaston baari.\",\"breadcrumb\":{\"@id\":\"https:\/\/www.meresuu.ee\/fi\/ravintolat\/#breadcrumb\"},\"inLanguage\":\"fi\",\"potentialAction\":[{\"@type\":\"ReadAction\",\"target\":[\"https:\/\/www.meresuu.ee\/fi\/ravintolat\/\"]}]},{\"@type\":\"ImageObject\",\"inLanguage\":\"fi\",\"@id\":\"https:\/\/www.meresuu.ee\/fi\/ravintolat\/#primaryimage\",\"url\":\"https:\/\/www.meresuu.ee\/wp-content\/uploads\/2023\/03\/Meresuu-restoran-Meloodia-maitseseiklus-erimenuu_01.jpg\",\"contentUrl\":\"https:\/\/www.meresuu.ee\/wp-content\/uploads\/2023\/03\/Meresuu-restoran-Meloodia-maitseseiklus-erimenuu_01.jpg\",\"width\":900,\"height\":600},{\"@type\":\"BreadcrumbList\",\"@id\":\"https:\/\/www.meresuu.ee\/fi\/ravintolat\/#breadcrumb\",\"itemListElement\":[{\"@type\":\"ListItem\",\"position\":1,\"name\":\"Home\",\"item\":\"https:\/\/www.meresuu.ee\/fi\/\"},{\"@type\":\"ListItem\",\"position\":2,\"name\":\"Ruoka ja juoma\"}]},{\"@type\":\"WebSite\",\"@id\":\"https:\/\/www.meresuu.ee\/#website\",\"url\":\"https:\/\/www.meresuu.ee\/\",\"name\":\"Meresuu SPA &amp; Hotel, Estonia\",\"description\":\"Kylpyl\u00e4hotelli Narva-J\u00f5esuussa\",\"potentialAction\":[{\"@type\":\"SearchAction\",\"target\":{\"@type\":\"EntryPoint\",\"urlTemplate\":\"https:\/\/www.meresuu.ee\/?s={search_term_string}\"},\"query-input\":{\"@type\":\"PropertyValueSpecification\",\"valueRequired\":true,\"valueName\":\"search_term_string\"}}],\"inLanguage\":\"fi\"}]}<\/script>\n<!-- \/ Yoast SEO plugin. -->","yoast_head_json":{"title":"Ravintolat Meresuun SPA hotellissa | Ruoka ja juoma","description":"Ravintolat Meresuun SPA hotellissa: ravintola Meloodian buffet sek\u00e4 A la Cart\u00e9, kes\u00e4terassi, Lounge-baari Red Rose, saunaosaston baari.","robots":{"index":"index","follow":"follow","max-snippet":"max-snippet:-1","max-image-preview":"max-image-preview:large","max-video-preview":"max-video-preview:-1"},"canonical":"https:\/\/www.meresuu.ee\/fi\/ravintolat\/","og_locale":"fi_FI","og_type":"article","og_title":"Ravintolat Meresuun SPA hotellissa | Ruoka ja juoma","og_description":"Ravintolat Meresuun SPA hotellissa: ravintola Meloodian buffet sek\u00e4 A la Cart\u00e9, kes\u00e4terassi, Lounge-baari Red Rose, saunaosaston baari.","og_url":"https:\/\/www.meresuu.ee\/fi\/ravintolat\/","og_site_name":"Meresuu SPA &amp; Hotel, Estonia","article_modified_time":"2026-01-11T21:50:27+00:00","og_image":[{"width":900,"height":600,"url":"https:\/\/www.meresuu.ee\/wp-content\/uploads\/2023\/03\/Meresuu-restoran-Meloodia-maitseseiklus-erimenuu_01.jpg","type":"image\/jpeg"}],"twitter_card":"summary_large_image","twitter_misc":{"Arvioitu lukuaika":"2 minuuttia"},"schema":{"@context":"https:\/\/schema.org","@graph":[{"@type":"WebPage","@id":"https:\/\/www.meresuu.ee\/fi\/ravintolat\/","url":"https:\/\/www.meresuu.ee\/fi\/ravintolat\/","name":"Ravintolat Meresuun SPA hotellissa | Ruoka ja juoma","isPartOf":{"@id":"https:\/\/www.meresuu.ee\/#website"},"primaryImageOfPage":{"@id":"https:\/\/www.meresuu.ee\/fi\/ravintolat\/#primaryimage"},"image":{"@id":"https:\/\/www.meresuu.ee\/fi\/ravintolat\/#primaryimage"},"thumbnailUrl":"https:\/\/www.meresuu.ee\/wp-content\/uploads\/2023\/03\/Meresuu-restoran-Meloodia-maitseseiklus-erimenuu_01.jpg","datePublished":"2015-05-05T14:43:00+00:00","dateModified":"2026-01-11T21:50:27+00:00","description":"Ravintolat Meresuun SPA hotellissa: ravintola Meloodian buffet sek\u00e4 A la Cart\u00e9, kes\u00e4terassi, Lounge-baari Red Rose, saunaosaston baari.","breadcrumb":{"@id":"https:\/\/www.meresuu.ee\/fi\/ravintolat\/#breadcrumb"},"inLanguage":"fi","potentialAction":[{"@type":"ReadAction","target":["https:\/\/www.meresuu.ee\/fi\/ravintolat\/"]}]},{"@type":"ImageObject","inLanguage":"fi","@id":"https:\/\/www.meresuu.ee\/fi\/ravintolat\/#primaryimage","url":"https:\/\/www.meresuu.ee\/wp-content\/uploads\/2023\/03\/Meresuu-restoran-Meloodia-maitseseiklus-erimenuu_01.jpg","contentUrl":"https:\/\/www.meresuu.ee\/wp-content\/uploads\/2023\/03\/Meresuu-restoran-Meloodia-maitseseiklus-erimenuu_01.jpg","width":900,"height":600},{"@type":"BreadcrumbList","@id":"https:\/\/www.meresuu.ee\/fi\/ravintolat\/#breadcrumb","itemListElement":[{"@type":"ListItem","position":1,"name":"Home","item":"https:\/\/www.meresuu.ee\/fi\/"},{"@type":"ListItem","position":2,"name":"Ruoka ja juoma"}]},{"@type":"WebSite","@id":"https:\/\/www.meresuu.ee\/#website","url":"https:\/\/www.meresuu.ee\/","name":"Meresuu SPA &amp; Hotel, Estonia","description":"Kylpyl\u00e4hotelli Narva-J\u00f5esuussa","potentialAction":[{"@type":"SearchAction","target":{"@type":"EntryPoint","urlTemplate":"https:\/\/www.meresuu.ee\/?s={search_term_string}"},"query-input":{"@type":"PropertyValueSpecification","valueRequired":true,"valueName":"search_term_string"}}],"inLanguage":"fi"}]}},"_links":{"self":[{"href":"https:\/\/www.meresuu.ee\/fi\/wp-json\/wp\/v2\/pages\/10624","targetHints":{"allow":["GET"]}}],"collection":[{"href":"https:\/\/www.meresuu.ee\/fi\/wp-json\/wp\/v2\/pages"}],"about":[{"href":"https:\/\/www.meresuu.ee\/fi\/wp-json\/wp\/v2\/types\/page"}],"author":[{"embeddable":true,"href":"https:\/\/www.meresuu.ee\/fi\/wp-json\/wp\/v2\/users\/50"}],"replies":[{"embeddable":true,"href":"https:\/\/www.meresuu.ee\/fi\/wp-json\/wp\/v2\/comments?post=10624"}],"version-history":[{"count":10,"href":"https:\/\/www.meresuu.ee\/fi\/wp-json\/wp\/v2\/pages\/10624\/revisions"}],"predecessor-version":[{"id":24459,"href":"https:\/\/www.meresuu.ee\/fi\/wp-json\/wp\/v2\/pages\/10624\/revisions\/24459"}],"wp:featuredmedia":[{"embeddable":true,"href":"https:\/\/www.meresuu.ee\/fi\/wp-json\/wp\/v2\/media\/22445"}],"wp:attachment":[{"href":"https:\/\/www.meresuu.ee\/fi\/wp-json\/wp\/v2\/media?parent=10624"}],"curies":[{"name":"wp","href":"https:\/\/api.w.org\/{rel}","templated":true}]}}